{"id":8926,"date":"2023-10-23T10:47:23","date_gmt":"2023-10-23T08:47:23","guid":{"rendered":"https:\/\/be-storaged.de\/lp-de\/guided-tour-of-the-hybrid-large-scale-storage-in-varel\/"},"modified":"2026-02-04T20:09:40","modified_gmt":"2026-02-04T19:09:40","slug":"guided-tour-of-the-hybrid-large-scale-storage-in-varel","status":"publish","type":"page","link":"https:\/\/be-storaged.de\/en\/lp-de\/guided-tour-of-the-hybrid-large-scale-storage-in-varel\/","title":{"rendered":"Guided tour of the hybrid large-scale storage facility in Varel"},"content":{"rendered":"\t\t<div data-elementor-type=\"wp-page\" data-elementor-id=\"8926\" class=\"elementor elementor-8926 elementor-3637\" data-elementor-post-type=\"page\">\n\t\t\t\t<div class=\"elementor-element elementor-element-b92646e e-flex e-con-boxed e-con e-parent\" data-id=\"b92646e\" data-element_type=\"container\" data-e-type=\"container\" data-settings=\"{&quot;background_background&quot;:&quot;classic&quot;}\">\n\t\t\t\t\t<div class=\"e-con-inner\">\n\t\t\t\t<div class=\"elementor-element elementor-element-697b9ca elementor-widget elementor-widget-heading\" data-id=\"697b9ca\" data-element_type=\"widget\" data-e-type=\"widget\" data-widget_type=\"heading.default\">\n\t\t\t\t<div class=\"elementor-widget-container\">\n\t\t\t\t\t<p class=\"elementor-heading-title elementor-size-default\">Are you interested in our hybrid large-scale storage facility in Varel?<\/p>\t\t\t\t<\/div>\n\t\t\t\t<\/div>\n\t\t\t\t<div class=\"elementor-element elementor-element-296294b elementor-widget elementor-widget-heading\" data-id=\"296294b\" data-element_type=\"widget\" data-e-type=\"widget\" data-widget_type=\"heading.default\">\n\t\t\t\t<div class=\"elementor-widget-container\">\n\t\t\t\t\t<h1 class=\"elementor-heading-title elementor-size-default\">Then <b>contact us without obligation<\/b> for a tour on site!<\/h1>\t\t\t\t<\/div>\n\t\t\t\t<\/div>\n\t\t\t\t<div class=\"elementor-element elementor-element-a53f384 elementor-button-align-start elementor-widget elementor-widget-form\" data-id=\"a53f384\" data-element_type=\"widget\" data-e-type=\"widget\" data-settings=\"{&quot;step_next_label&quot;:&quot;Next&quot;,&quot;step_previous_label&quot;:&quot;Previous&quot;,&quot;button_width&quot;:&quot;100&quot;,&quot;step_type&quot;:&quot;number_text&quot;,&quot;step_icon_shape&quot;:&quot;circle&quot;}\" data-widget_type=\"form.default\">\n\t\t\t\t<div class=\"elementor-widget-container\">\n\t\t\t\t\t\t\t<form class=\"elementor-form\" method=\"post\" name=\"New Form\" aria-label=\"New Form\">\n\t\t\t<input type=\"hidden\" name=\"post_id\" value=\"8926\"\/>\n\t\t\t<input type=\"hidden\" name=\"form_id\" value=\"a53f384\"\/>\n\t\t\t<input type=\"hidden\" name=\"referer_title\" value=\"\" \/>\n\n\t\t\t\n\t\t\t<div class=\"elementor-form-fields-wrapper elementor-labels-\">\n\t\t\t\t\t\t\t\t<div class=\"elementor-field-type-text elementor-field-group elementor-column elementor-field-group-name elementor-col-50 elementor-field-required\">\n\t\t\t\t\t\t\t\t\t\t\t\t<label for=\"form-field-name\" class=\"elementor-field-label elementor-screen-only\">\n\t\t\t\t\t\t\t\tName\t\t\t\t\t\t\t<\/label>\n\t\t\t\t\t\t\t\t\t\t\t\t\t\t<input size=\"1\" type=\"text\" name=\"form_fields[name]\" id=\"form-field-name\" class=\"elementor-field elementor-size-sm  elementor-field-textual\" placeholder=\"Name *\" required=\"required\">\n\t\t\t\t\t\t\t\t\t\t\t<\/div>\n\t\t\t\t\t\t\t\t<div class=\"elementor-field-type-text elementor-field-group elementor-column elementor-field-group-field_8311f13 elementor-col-50 elementor-field-required\">\n\t\t\t\t\t\t\t\t\t\t\t\t<label for=\"form-field-field_8311f13\" class=\"elementor-field-label elementor-screen-only\">\n\t\t\t\t\t\t\t\tCompany \/ Organization \/ University\t\t\t\t\t\t\t<\/label>\n\t\t\t\t\t\t\t\t\t\t\t\t\t\t<input size=\"1\" type=\"text\" name=\"form_fields[field_8311f13]\" id=\"form-field-field_8311f13\" class=\"elementor-field elementor-size-sm  elementor-field-textual\" placeholder=\"Company \/ Organization \/ University *\" required=\"required\">\n\t\t\t\t\t\t\t\t\t\t\t<\/div>\n\t\t\t\t\t\t\t\t<div class=\"elementor-field-type-email elementor-field-group elementor-column elementor-field-group-email elementor-col-50 elementor-field-required\">\n\t\t\t\t\t\t\t\t\t\t\t\t<label for=\"form-field-email\" class=\"elementor-field-label elementor-screen-only\">\n\t\t\t\t\t\t\t\tE-mail\t\t\t\t\t\t\t<\/label>\n\t\t\t\t\t\t\t\t\t\t\t\t\t\t<input size=\"1\" type=\"email\" name=\"form_fields[email]\" id=\"form-field-email\" class=\"elementor-field elementor-size-sm  elementor-field-textual\" placeholder=\"Email *\" required=\"required\">\n\t\t\t\t\t\t\t\t\t\t\t<\/div>\n\t\t\t\t\t\t\t\t<div class=\"elementor-field-type-text elementor-field-group elementor-column elementor-field-group-field_8e3423e elementor-col-50\">\n\t\t\t\t\t\t\t\t\t\t\t\t<label for=\"form-field-field_8e3423e\" class=\"elementor-field-label elementor-screen-only\">\n\t\t\t\t\t\t\t\tPhone\t\t\t\t\t\t\t<\/label>\n\t\t\t\t\t\t\t\t\t\t\t\t\t\t<input size=\"1\" type=\"text\" name=\"form_fields[field_8e3423e]\" id=\"form-field-field_8e3423e\" class=\"elementor-field elementor-size-sm  elementor-field-textual\" placeholder=\"Phone\">\n\t\t\t\t\t\t\t\t\t\t\t<\/div>\n\t\t\t\t\t\t\t\t<div class=\"elementor-field-type-textarea elementor-field-group elementor-column elementor-field-group-field_f333cf9 elementor-col-100\">\n\t\t\t\t\t\t\t\t\t\t\t\t<label for=\"form-field-field_f333cf9\" class=\"elementor-field-label elementor-screen-only\">\n\t\t\t\t\t\t\t\tMessage\t\t\t\t\t\t\t<\/label>\n\t\t\t\t\t\t<textarea class=\"elementor-field-textual elementor-field  elementor-size-sm\" name=\"form_fields[field_f333cf9]\" id=\"form-field-field_f333cf9\" rows=\"4\" placeholder=\"Message *\">Wir haben Interesse an einer F\u00fchrung bei Ihrem Hybridgro\u00dfspeicher in Varel. Bitte kontaktieren Sie uns f\u00fcr eine Terminabsprache! Viele Gr\u00fc\u00dfe <\/textarea>\t\t\t\t<\/div>\n\t\t\t\t\t\t\t\t<div class=\"elementor-field-type-html elementor-field-group elementor-column elementor-field-group-field_5ef7c73 elementor-col-100\">\n\t\t\t\t\t<p>* Required field<\/p>We respect your data: By submitting the form, you agree that we may process your data internally and use it for the purpose of contacting you. If you have any questions about storage and use, you can find more information in our <a target=\"_blank\" href=\"https:\/\/be-storaged.de\/en\/data-protection\/\" title=\"Privacy Notice\">privacy policy<\/a>. \t\t\t\t<\/div>\n\t\t\t\t\t\t\t\t<div class=\"elementor-field-type-text\">\n\t\t\t\t\t<input size=\"1\" type=\"text\" name=\"form_fields[field_c4092e5]\" id=\"form-field-field_c4092e5\" class=\"elementor-field elementor-size-sm \" style=\"display:none !important;\">\t\t\t\t<\/div>\n\t\t\t\t\t\t\t\t<div class=\"elementor-field-group elementor-column elementor-field-type-submit elementor-col-100 e-form__buttons\">\n\t\t\t\t\t<button class=\"elementor-button elementor-size-sm\" type=\"submit\">\n\t\t\t\t\t\t<span class=\"elementor-button-content-wrapper\">\n\t\t\t\t\t\t\t\t\t\t\t\t\t\t\t\t\t\t\t\t\t\t<span class=\"elementor-button-text\">Send request<\/span>\n\t\t\t\t\t\t\t\t\t\t\t\t\t<\/span>\n\t\t\t\t\t<\/button>\n\t\t\t\t<\/div>\n\t\t\t<\/div>\n\t\t<\/form>\n\t\t\t\t\t\t<\/div>\n\t\t\t\t<\/div>\n\t\t\t\t\t<\/div>\n\t\t\t\t<\/div>\n\t\t\t\t<\/div>\n\t\t","protected":false},"excerpt":{"rendered":"<p>Are you interested in our hybrid large-scale storage facility in Varel? Then contact us without obligation for a tour on site!<\/p>\n","protected":false},"author":10,"featured_media":8930,"parent":8923,"menu_order":0,"comment_status":"closed","ping_status":"closed","template":"","meta":{"_acf_changed":false,"_links_to":"","_links_to_type":0,"footnotes":""},"class_list":["post-8926","page","type-page","status-publish","has-post-thumbnail","hentry"],"acf":[],"_links":{"self":[{"href":"https:\/\/be-storaged.de\/en\/wp-json\/wp\/v2\/pages\/8926","targetHints":{"allow":["GET"]}}],"collection":[{"href":"https:\/\/be-storaged.de\/en\/wp-json\/wp\/v2\/pages"}],"about":[{"href":"https:\/\/be-storaged.de\/en\/wp-json\/wp\/v2\/types\/page"}],"author":[{"embeddable":true,"href":"https:\/\/be-storaged.de\/en\/wp-json\/wp\/v2\/users\/10"}],"replies":[{"embeddable":true,"href":"https:\/\/be-storaged.de\/en\/wp-json\/wp\/v2\/comments?post=8926"}],"version-history":[{"count":3,"href":"https:\/\/be-storaged.de\/en\/wp-json\/wp\/v2\/pages\/8926\/revisions"}],"predecessor-version":[{"id":9394,"href":"https:\/\/be-storaged.de\/en\/wp-json\/wp\/v2\/pages\/8926\/revisions\/9394"}],"up":[{"embeddable":true,"href":"https:\/\/be-storaged.de\/en\/wp-json\/wp\/v2\/pages\/8923"}],"wp:featuredmedia":[{"embeddable":true,"href":"https:\/\/be-storaged.de\/en\/wp-json\/wp\/v2\/media\/8930"}],"wp:attachment":[{"href":"https:\/\/be-storaged.de\/en\/wp-json\/wp\/v2\/media?parent=8926"}],"curies":[{"name":"wp","href":"https:\/\/api.w.org\/{rel}","templated":true}]}}